{"id":1366,"date":"2022-07-13T02:52:07","date_gmt":"2022-07-13T06:52:07","guid":{"rendered":"https:\/\/maxillo3lacs.com\/continuing-education\/"},"modified":"2024-06-25T16:29:40","modified_gmt":"2024-06-25T20:29:40","slug":"continuing-education","status":"publish","type":"page","link":"https:\/\/maxillo3lacs.com\/fr\/continuing-education\/","title":{"rendered":"Continuing Education"},"content":{"rendered":"<p>[et_pb_section fb_built=\u00a0\u00bb1&Prime; module_class=\u00a0\u00bbinnertopheadersec\u00a0\u00bb _builder_version=\u00a0\u00bb4.18.0&Prime; _module_preset=\u00a0\u00bbdefault\u00a0\u00bb background_image=\u00a0\u00bbhttps:\/\/maxillo3lacs.com\/wp-content\/uploads\/2022\/09\/3_2-2880w.jpg\u00a0\u00bb parallax=\u00a0\u00bbon\u00a0\u00bb parallax_method=\u00a0\u00bboff\u00a0\u00bb custom_padding=\u00a0\u00bb0px||0px||false|false\u00a0\u00bb locked=\u00a0\u00bboff\u00a0\u00bb global_colors_info=\u00a0\u00bb{}\u00a0\u00bb][et_pb_row custom_padding_last_edited=\u00a0\u00bbon|phone\u00a0\u00bb _builder_version=\u00a0\u00bb4.17.6&Prime; _module_preset=\u00a0\u00bbdefault\u00a0\u00bb use_background_color_gradient=\u00a0\u00bbon\u00a0\u00bb background_color_gradient_stops=\u00a0\u00bbrgba(0,0,0,0.2) 0%|rgba(0,0,0,0.2) 100%\u00a0\u00bb background_color_gradient_overlays_image=\u00a0\u00bbon\u00a0\u00bb width=\u00a0\u00bb100%\u00a0\u00bb max_width=\u00a0\u00bb100%\u00a0\u00bb custom_padding=\u00a0\u00bb150px||150px||true|false\u00a0\u00bb custom_padding_tablet=\u00a0\u00bb150px||150px||true|false\u00a0\u00bb custom_padding_phone=\u00a0\u00bb100px||100px|30px|true|false\u00a0\u00bb global_colors_info=\u00a0\u00bb{}\u00a0\u00bb][et_pb_column type=\u00a0\u00bb4_4&Prime; _builder_version=\u00a0\u00bb4.17.6&Prime; _module_preset=\u00a0\u00bbdefault\u00a0\u00bb global_colors_info=\u00a0\u00bb{}\u00a0\u00bb][et_pb_text _builder_version=\u00a0\u00bb4.25.2&Prime; _module_preset=\u00a0\u00bbdefault\u00a0\u00bb header_font=\u00a0\u00bb|700||on|||||\u00a0\u00bb header_text_color=\u00a0\u00bb#FFFFFF\u00a0\u00bb header_font_size=\u00a0\u00bb36px\u00a0\u00bb header_2_font=\u00a0\u00bb|700|||||||\u00a0\u00bb header_2_text_color=\u00a0\u00bb#FFFFFF\u00a0\u00bb header_2_font_size=\u00a0\u00bb30px\u00a0\u00bb text_orientation=\u00a0\u00bbcenter\u00a0\u00bb custom_margin=\u00a0\u00bb||0px||false|false\u00a0\u00bb animation_style=\u00a0\u00bbslide\u00a0\u00bb animation_direction=\u00a0\u00bbbottom\u00a0\u00bb hover_enabled=\u00a0\u00bb0&Prime; header_font_size_tablet=\u00a0\u00bb30px\u00a0\u00bb header_font_size_phone=\u00a0\u00bb26px\u00a0\u00bb header_font_size_last_edited=\u00a0\u00bbon|phone\u00a0\u00bb global_colors_info=\u00a0\u00bb{}\u00a0\u00bb sticky_enabled=\u00a0\u00bb0&Prime;]<\/p>\n<h1>FORMATION CONTINUE<\/h1>\n<p>[\/et_pb_text][et_pb_divider color=\u00a0\u00bb#FFFFFF\u00a0\u00bb divider_position=\u00a0\u00bbcenter\u00a0\u00bb divider_weight=\u00a0\u00bb3px\u00a0\u00bb _builder_version=\u00a0\u00bb4.17.6&Prime; _module_preset=\u00a0\u00bbdefault\u00a0\u00bb width=\u00a0\u00bb5%\u00a0\u00bb width_tablet=\u00a0\u00bb15%\u00a0\u00bb width_phone=\u00a0\u00bb20%\u00a0\u00bb width_last_edited=\u00a0\u00bbon|phone\u00a0\u00bb module_alignment=\u00a0\u00bbcenter\u00a0\u00bb animation_style=\u00a0\u00bbslide\u00a0\u00bb animation_direction=\u00a0\u00bbbottom\u00a0\u00bb global_colors_info=\u00a0\u00bb{}\u00a0\u00bb][\/et_pb_divider][\/et_pb_column][\/et_pb_row][\/et_pb_section][et_pb_section fb_built=\u00a0\u00bb1&Prime; custom_padding_last_edited=\u00a0\u00bbon|tablet\u00a0\u00bb _builder_version=\u00a0\u00bb4.17.6&Prime; _module_preset=\u00a0\u00bbdefault\u00a0\u00bb custom_padding=\u00a0\u00bb80px||149.5px||false|false\u00a0\u00bb custom_padding_tablet=\u00a0\u00bb40px||40px||true|false\u00a0\u00bb custom_padding_phone=\u00a0\u00bb40px||40px||true|false\u00a0\u00bb locked=\u00a0\u00bboff\u00a0\u00bb global_colors_info=\u00a0\u00bb{}\u00a0\u00bb][et_pb_row custom_padding_last_edited=\u00a0\u00bbon|tablet\u00a0\u00bb _builder_version=\u00a0\u00bb4.17.6&Prime; _module_preset=\u00a0\u00bbdefault\u00a0\u00bb width=\u00a0\u00bb100%\u00a0\u00bb max_width=\u00a0\u00bb960px\u00a0\u00bb custom_padding=\u00a0\u00bb0px||0px||true|false\u00a0\u00bb custom_padding_tablet=\u00a0\u00bb0px|6%|0px|6%|true|true\u00a0\u00bb custom_padding_phone=\u00a0\u00bb0px|6%|0px|6%|true|true\u00a0\u00bb global_colors_info=\u00a0\u00bb{}\u00a0\u00bb][et_pb_column type=\u00a0\u00bb4_4&Prime; _builder_version=\u00a0\u00bb4.17.6&Prime; _module_preset=\u00a0\u00bbdefault\u00a0\u00bb global_colors_info=\u00a0\u00bb{}\u00a0\u00bb][et_pb_gallery gallery_ids=\u00a0\u00bb1149,1150,1151,1152,1153,1154,1155,2787,2801,2799,2797,2795,2793,2791,2789&Prime; fullwidth=\u00a0\u00bbon\u00a0\u00bb _builder_version=\u00a0\u00bb4.19.1&Prime; _module_preset=\u00a0\u00bbdefault\u00a0\u00bb pagination_text_color=\u00a0\u00bb#FFFFFF\u00a0\u00bb child_filter_brightness=\u00a0\u00bb64%\u00a0\u00bb animation_style=\u00a0\u00bbfade\u00a0\u00bb global_colors_info=\u00a0\u00bb{}\u00a0\u00bb][\/et_pb_gallery][\/et_pb_column][\/et_pb_row][\/et_pb_section][et_pb_section fb_built=\u00a0\u00bb1&Prime; custom_padding_last_edited=\u00a0\u00bbon|phone\u00a0\u00bb module_class=\u00a0\u00bbfooter\u00a0\u00bb _builder_version=\u00a0\u00bb4.17.6&Prime; _module_preset=\u00a0\u00bbdefault\u00a0\u00bb background_color=\u00a0\u00bb#2D61AE\u00a0\u00bb custom_padding=\u00a0\u00bb||0px||false|false\u00a0\u00bb custom_padding_tablet=\u00a0\u00bb||30px||false|false\u00a0\u00bb custom_padding_phone=\u00a0\u00bb\u00a0\u00bb global_module=\u00a0\u00bb1471&Prime; saved_tabs=\u00a0\u00bball\u00a0\u00bb global_colors_info=\u00a0\u00bb{}\u00a0\u00bb][et_pb_row column_structure=\u00a0\u00bb1_4,1_4,1_4,1_4&Prime; custom_padding_last_edited=\u00a0\u00bbon|tablet\u00a0\u00bb _builder_version=\u00a0\u00bb4.17.6&Prime; _module_preset=\u00a0\u00bbdefault\u00a0\u00bb width=\u00a0\u00bb100%\u00a0\u00bb max_width=\u00a0\u00bb960px\u00a0\u00bb custom_padding=\u00a0\u00bb0px||0px||true|false\u00a0\u00bb custom_padding_tablet=\u00a0\u00bb0px|6%|0px|6%|true|true\u00a0\u00bb custom_padding_phone=\u00a0\u00bb\u00a0\u00bb global_colors_info=\u00a0\u00bb{}\u00a0\u00bb][et_pb_column type=\u00a0\u00bb1_4&Prime; _builder_version=\u00a0\u00bb4.17.6&Prime; _module_preset=\u00a0\u00bbdefault\u00a0\u00bb global_colors_info=\u00a0\u00bb{}\u00a0\u00bb][et_pb_image src=\u00a0\u00bbhttps:\/\/maxillo3lacs.com\/wp-content\/uploads\/2022\/07\/M3L-LOGO-white-1920w-1.png\u00a0\u00bb title_text=\u00a0\u00bbM3L-LOGO-white-1920w (1)\u00a0\u00bb align_tablet=\u00a0\u00bb\u00a0\u00bb align_phone=\u00a0\u00bbcenter\u00a0\u00bb align_last_edited=\u00a0\u00bbon|phone\u00a0\u00bb _builder_version=\u00a0\u00bb4.17.6&Prime; _module_preset=\u00a0\u00bbdefault\u00a0\u00bb max_width=\u00a0\u00bb150px\u00a0\u00bb global_colors_info=\u00a0\u00bb{}\u00a0\u00bb][\/et_pb_image][et_pb_text _builder_version=\u00a0\u00bb4.19.0&Prime; _module_preset=\u00a0\u00bbdefault\u00a0\u00bb text_font=\u00a0\u00bb|300|||||||\u00a0\u00bb text_text_color=\u00a0\u00bb#FFFFFF\u00a0\u00bb link_text_color=\u00a0\u00bb#FFFFFF\u00a0\u00bb text_orientation_tablet=\u00a0\u00bb\u00a0\u00bb text_orientation_phone=\u00a0\u00bbcenter\u00a0\u00bb text_orientation_last_edited=\u00a0\u00bbon|phone\u00a0\u00bb global_colors_info=\u00a0\u00bb{}\u00a0\u00bb]<\/p>\n<p class=\"ft-address\">65 Boulevard de la Cit\u00e9-des-Jeunes<br \/>Suite 130, Vaudreuil-Dorion,<br \/>Quebec J7V 8C1<\/p>\n<p><a href=\"tel:5143959896\">(514) 395-9896<\/a><\/p>\n<p><a href=\"mailto:info@maxillo3lacs.com\">info@maxillo3lacs.com<\/a><\/p>\n<p>[\/et_pb_text][et_pb_social_media_follow _builder_version=\u00a0\u00bb4.17.6&Prime; _module_preset=\u00a0\u00bbdefault\u00a0\u00bb text_orientation_tablet=\u00a0\u00bb\u00a0\u00bb text_orientation_phone=\u00a0\u00bbcenter\u00a0\u00bb text_orientation_last_edited=\u00a0\u00bbon|phone\u00a0\u00bb global_colors_info=\u00a0\u00bb{}\u00a0\u00bb][et_pb_social_media_follow_network social_network=\u00a0\u00bbfacebook\u00a0\u00bb url=\u00a0\u00bbhttps:\/\/www.facebook.com\/Maxillo3Lacs\u00a0\u00bb _builder_version=\u00a0\u00bb4.17.6&Prime; _module_preset=\u00a0\u00bbdefault\u00a0\u00bb global_colors_info=\u00a0\u00bb{}\u00a0\u00bb follow_button=\u00a0\u00bboff\u00a0\u00bb url_new_window=\u00a0\u00bbon\u00a0\u00bb]facebook[\/et_pb_social_media_follow_network][et_pb_social_media_follow_network social_network=\u00a0\u00bbgoogle\u00a0\u00bb url=\u00a0\u00bbhttps:\/\/www.google.com\/maps\/place\/Maxillo+3+Lacs\/@45.4031278,-74.0371785,15z\/data=!4m2!3m1!1s0x0:0x789c9946ac5a1ad5?sa=X&#038;ved=2ahUKEwin1eq64ZDsAhWrmOAKHd0dCMIQ_BIwC3oECB4QCA\u00a0\u00bb _builder_version=\u00a0\u00bb4.17.6&Prime; _module_preset=\u00a0\u00bbdefault\u00a0\u00bb background_enable_color=\u00a0\u00bboff\u00a0\u00bb global_colors_info=\u00a0\u00bb{}\u00a0\u00bb follow_button=\u00a0\u00bboff\u00a0\u00bb url_new_window=\u00a0\u00bbon\u00a0\u00bb]google[\/et_pb_social_media_follow_network][et_pb_social_media_follow_network social_network=\u00a0\u00bbinstagram\u00a0\u00bb url=\u00a0\u00bbhttps:\/\/instagram.com\/Maxillo3lacs\u00a0\u00bb _builder_version=\u00a0\u00bb4.17.6&Prime; _module_preset=\u00a0\u00bbdefault\u00a0\u00bb background_enable_color=\u00a0\u00bboff\u00a0\u00bb global_colors_info=\u00a0\u00bb{}\u00a0\u00bb follow_button=\u00a0\u00bboff\u00a0\u00bb url_new_window=\u00a0\u00bbon\u00a0\u00bb]instagram[\/et_pb_social_media_follow_network][\/et_pb_social_media_follow][\/et_pb_column][et_pb_column type=\u00a0\u00bb1_4&Prime; _builder_version=\u00a0\u00bb4.17.6&Prime; _module_preset=\u00a0\u00bbdefault\u00a0\u00bb global_colors_info=\u00a0\u00bb{}\u00a0\u00bb][et_pb_text _builder_version=\u00a0\u00bb4.17.6&Prime; _module_preset=\u00a0\u00bbdefault\u00a0\u00bb header_3_font=\u00a0\u00bbMontserrat|700|||||||\u00a0\u00bb header_3_text_color=\u00a0\u00bb#FFFFFF\u00a0\u00bb text_orientation_tablet=\u00a0\u00bb\u00a0\u00bb text_orientation_phone=\u00a0\u00bbcenter\u00a0\u00bb text_orientation_last_edited=\u00a0\u00bbon|phone\u00a0\u00bb global_colors_info=\u00a0\u00bb{}\u00a0\u00bb]<\/p>\n<h3>SERVICES<\/h3>\n<p>[\/et_pb_text][et_pb_text _builder_version=\u00a0\u00bb4.17.6&Prime; _module_preset=\u00a0\u00bbdefault\u00a0\u00bb link_font=\u00a0\u00bb|300|||||||\u00a0\u00bb link_text_color=\u00a0\u00bb#FFFFFF\u00a0\u00bb text_orientation_tablet=\u00a0\u00bb\u00a0\u00bb text_orientation_phone=\u00a0\u00bbcenter\u00a0\u00bb text_orientation_last_edited=\u00a0\u00bbon|phone\u00a0\u00bb global_colors_info=\u00a0\u00bb{}\u00a0\u00bb]<a href=\"\/fr\/dental-implants\/\">Implants dentaires<\/a><br \/>\n<a href=\"\/fr\/bone-grafts\/\">Greffe osseuse<\/a><br \/>\n<a href=\"\/fr\/all-on-4\/\">Implants dentaires All-on-4\u2122<\/a><br \/>\n<a href=\"\/fr\/zygomatic-implants\/\">Implants zygomatiques<\/a><br \/>\n<a href=\"\/fr\/wisdom-teeth-removal\/\">Chirurgie des dents de sagesse<\/a><br \/>\n<a href=\"\/fr\/surgical-exposure\/\">Exposition chirurgicale<\/a><br \/>\n<a href=\"\/fr\/corrective-jaw-surgery\/\">Chirurgie orthognathique<\/a><br \/>\n<a href=\"\/fr\/cbct\/\">TVFC<\/a>[\/et_pb_text][\/et_pb_column][et_pb_column type=\u00a0\u00bb1_4&Prime; _builder_version=\u00a0\u00bb4.17.6&Prime; _module_preset=\u00a0\u00bbdefault\u00a0\u00bb global_colors_info=\u00a0\u00bb{}\u00a0\u00bb][et_pb_text _builder_version=\u00a0\u00bb4.17.6&Prime; _module_preset=\u00a0\u00bbdefault\u00a0\u00bb link_font=\u00a0\u00bb|300|||||||\u00a0\u00bb link_text_color=\u00a0\u00bb#FFFFFF\u00a0\u00bb custom_margin=\u00a0\u00bb50px||||false|false\u00a0\u00bb custom_margin_tablet=\u00a0\u00bb\u00a0\u00bb custom_margin_phone=\u00a0\u00bb0px||||false|false\u00a0\u00bb custom_margin_last_edited=\u00a0\u00bbon|phone\u00a0\u00bb text_orientation_tablet=\u00a0\u00bb\u00a0\u00bb text_orientation_phone=\u00a0\u00bbcenter\u00a0\u00bb text_orientation_last_edited=\u00a0\u00bbon|phone\u00a0\u00bb global_colors_info=\u00a0\u00bb{}\u00a0\u00bb]<a href=\"\/fr\/apicoectomy\/\">Apicoectomie<\/a><br \/>\n<a href=\"\/fr\/facial-trauma\/\">Traumatisme facial<\/a><br \/>\n<a href=\"\/fr\/tmj\/\">ATM<\/a><br \/>\n<a href=\"\/fr\/oral-pathology\/\">Pathologie buccale<\/a><br \/>\n<a href=\"\/fr\/obstructive-sleep-apnea\/\">Apn\u00e9e obstructive du sommeil<\/a><br \/>\n<a href=\"\/fr\/sedation-and-general-anesthesia\/\">S\u00e9dation et anesth\u00e9sie g\u00e9n\u00e9rale<\/a><br \/>\n<a href=\"\/fr\/same-day-surgery\/\">Chirurgie d\u2019un jour<\/a>[\/et_pb_text][\/et_pb_column][et_pb_column type=\u00a0\u00bb1_4&Prime; _builder_version=\u00a0\u00bb4.17.6&Prime; _module_preset=\u00a0\u00bbdefault\u00a0\u00bb global_colors_info=\u00a0\u00bb{}\u00a0\u00bb][et_pb_text _builder_version=\u00a0\u00bb4.17.6&Prime; _module_preset=\u00a0\u00bbdefault\u00a0\u00bb header_3_font=\u00a0\u00bbMontserrat|700|||||||\u00a0\u00bb header_3_text_color=\u00a0\u00bb#FFFFFF\u00a0\u00bb text_orientation_tablet=\u00a0\u00bb\u00a0\u00bb text_orientation_phone=\u00a0\u00bbcenter\u00a0\u00bb text_orientation_last_edited=\u00a0\u00bbon|phone\u00a0\u00bb global_colors_info=\u00a0\u00bb{}\u00a0\u00bb]<\/p>\n<h3>HORAIRES<\/h3>\n<p>[\/et_pb_text][et_pb_text module_class=\u00a0\u00bbcontactdetailinner\u00a0\u00bb _builder_version=\u00a0\u00bb4.17.6&Prime; _module_preset=\u00a0\u00bbdefault\u00a0\u00bb text_font=\u00a0\u00bb|300|||||||\u00a0\u00bb text_text_color=\u00a0\u00bb#FFFFFF\u00a0\u00bb link_font=\u00a0\u00bb|700|||on||||\u00a0\u00bb link_text_color=\u00a0\u00bb#000000&Prime; header_2_font=\u00a0\u00bb|700|||||||\u00a0\u00bb header_2_font_size=\u00a0\u00bb30px\u00a0\u00bb text_orientation_tablet=\u00a0\u00bbcenter\u00a0\u00bb text_orientation_phone=\u00a0\u00bbcenter\u00a0\u00bb text_orientation_last_edited=\u00a0\u00bbon|tablet\u00a0\u00bb global_colors_info=\u00a0\u00bb{}\u00a0\u00bb]<\/p>\n<div><strong>Lundi<\/strong> <span>8:30 am &#8211; 4:00 pm<\/span><\/div>\n<div><strong>Mardi<\/strong> <span>8:30 am &#8211; 4:00 pm<\/span><\/div>\n<div><strong>Mercredi<\/strong> <span>8:30 am &#8211; 4:00 pm<\/span><\/div>\n<div><strong>Jeudi<\/strong> <span>Ferm\u00e9<\/span><\/div>\n<div><strong>Vendredi<\/strong> <span>8:30 am &#8211; 4:00 pm<\/span><\/div>\n<div><strong>Samedi<\/strong> <span>Ferm\u00e9<\/span><\/div>\n<div><strong>Dimanche<\/strong> <span>Ferm\u00e9<\/span><\/div>\n<p>[\/et_pb_text][\/et_pb_column][\/et_pb_row][\/et_pb_section]<\/p>\n","protected":false},"excerpt":{"rendered":"<p>FORMATION CONTINUE65 Boulevard de la Cit\u00e9-des-JeunesSuite 130, Vaudreuil-Dorion,Quebec J7V 8C1 (514) 395-9896 info@maxillo3lacs.comSERVICESImplants dentaires Greffe osseuse Implants dentaires All-on-4\u2122 Implants zygomatiques Chirurgie des dents de sagesse Exposition chirurgicale Chirurgie orthognathique TVFCApicoectomie Traumatisme facial ATM Pathologie buccale Apn\u00e9e obstructive du sommeil S\u00e9dation et anesth\u00e9sie g\u00e9n\u00e9rale Chirurgie d\u2019un jourHORAIRESLundi 8:30 am &#8211; 4:00 pm Mardi 8:30 am [&hellip;]<\/p>\n","protected":false},"author":8,"featured_media":0,"parent":0,"menu_order":0,"comment_status":"closed","ping_status":"closed","template":"","meta":{"_et_pb_use_builder":"on","_et_pb_old_content":"<!-- wp:divi\/placeholder \/-->","_et_gb_content_width":"","footnotes":""},"class_list":["post-1366","page","type-page","status-publish","hentry"],"yoast_head":"<!-- This site is optimized with the Yoast SEO plugin v27.3 - https:\/\/yoast.com\/product\/yoast-seo-wordpress\/ -->\n<title>Formation continue par Maxillo 3 Lacs | Dr El-Hakim et Dr Makhoul<\/title>\n<meta name=\"description\" content=\"Maxillo 3 Lacs offre une formation continue aux autres sp\u00e9cialistes dentaires par les docteurs El-Hakim et Makhoul. Contactez-nous d\u00e8s aujourd&#039;hui pour en savoir plus.\" \/>\n<meta name=\"robots\" content=\"index, follow, max-snippet:-1, max-image-preview:large, max-video-preview:-1\" \/>\n<link rel=\"canonical\" href=\"https:\/\/maxillo3lacs.com\/fr\/continuing-education\/\" \/>\n<meta property=\"og:locale\" content=\"fr_FR\" \/>\n<meta property=\"og:type\" content=\"article\" \/>\n<meta property=\"og:title\" content=\"Formation continue par Maxillo 3 Lacs | Dr El-Hakim et Dr Makhoul\" \/>\n<meta property=\"og:description\" content=\"Maxillo 3 Lacs offre une formation continue aux autres sp\u00e9cialistes dentaires par les docteurs El-Hakim et Makhoul. Contactez-nous d\u00e8s aujourd&#039;hui pour en savoir plus.\" \/>\n<meta property=\"og:url\" content=\"https:\/\/maxillo3lacs.com\/fr\/continuing-education\/\" \/>\n<meta property=\"og:site_name\" content=\"Maxillo 3 Lacs\" \/>\n<meta property=\"article:publisher\" content=\"https:\/\/www.facebook.com\/Maxillo3Lacs\" \/>\n<meta property=\"article:modified_time\" content=\"2024-06-25T20:29:40+00:00\" \/>\n<meta property=\"og:image\" content=\"https:\/\/maxillo3lacs.com\/wp-content\/uploads\/2023\/02\/cropped-logo.jpg\" \/>\n\t<meta property=\"og:image:width\" content=\"512\" \/>\n\t<meta property=\"og:image:height\" content=\"512\" \/>\n\t<meta property=\"og:image:type\" content=\"image\/jpeg\" \/>\n<meta name=\"twitter:card\" content=\"summary_large_image\" \/>\n<meta name=\"twitter:label1\" content=\"Dur\u00e9e de lecture estim\u00e9e\" \/>\n\t<meta name=\"twitter:data1\" content=\"4 minutes\" \/>\n<script type=\"application\/ld+json\" class=\"yoast-schema-graph\">{\"@context\":\"https:\\\/\\\/schema.org\",\"@graph\":[{\"@type\":\"WebPage\",\"@id\":\"https:\\\/\\\/maxillo3lacs.com\\\/fr\\\/continuing-education\\\/\",\"url\":\"https:\\\/\\\/maxillo3lacs.com\\\/fr\\\/continuing-education\\\/\",\"name\":\"Formation continue par Maxillo 3 Lacs | Dr El-Hakim et Dr Makhoul\",\"isPartOf\":{\"@id\":\"https:\\\/\\\/maxillo3lacs.com\\\/#website\"},\"datePublished\":\"2022-07-13T06:52:07+00:00\",\"dateModified\":\"2024-06-25T20:29:40+00:00\",\"description\":\"Maxillo 3 Lacs offre une formation continue aux autres sp\u00e9cialistes dentaires par les docteurs El-Hakim et Makhoul. Contactez-nous d\u00e8s aujourd'hui pour en savoir plus.\",\"breadcrumb\":{\"@id\":\"https:\\\/\\\/maxillo3lacs.com\\\/fr\\\/continuing-education\\\/#breadcrumb\"},\"inLanguage\":\"fr-FR\",\"potentialAction\":[{\"@type\":\"ReadAction\",\"target\":[\"https:\\\/\\\/maxillo3lacs.com\\\/fr\\\/continuing-education\\\/\"]}]},{\"@type\":\"BreadcrumbList\",\"@id\":\"https:\\\/\\\/maxillo3lacs.com\\\/fr\\\/continuing-education\\\/#breadcrumb\",\"itemListElement\":[{\"@type\":\"ListItem\",\"position\":1,\"name\":\"Home\",\"item\":\"https:\\\/\\\/maxillo3lacs.com\\\/fr\\\/\"},{\"@type\":\"ListItem\",\"position\":2,\"name\":\"Continuing Education\"}]},{\"@type\":\"WebSite\",\"@id\":\"https:\\\/\\\/maxillo3lacs.com\\\/#website\",\"url\":\"https:\\\/\\\/maxillo3lacs.com\\\/\",\"name\":\"Maxillo 3 Lacs\",\"description\":\"\",\"publisher\":{\"@id\":\"https:\\\/\\\/maxillo3lacs.com\\\/#organization\"},\"alternateName\":\"M3L\",\"potentialAction\":[{\"@type\":\"SearchAction\",\"target\":{\"@type\":\"EntryPoint\",\"urlTemplate\":\"https:\\\/\\\/maxillo3lacs.com\\\/?s={search_term_string}\"},\"query-input\":{\"@type\":\"PropertyValueSpecification\",\"valueRequired\":true,\"valueName\":\"search_term_string\"}}],\"inLanguage\":\"fr-FR\"},{\"@type\":\"Organization\",\"@id\":\"https:\\\/\\\/maxillo3lacs.com\\\/#organization\",\"name\":\"Maxillo 3 Lacs\",\"alternateName\":\"M3L\",\"url\":\"https:\\\/\\\/maxillo3lacs.com\\\/\",\"logo\":{\"@type\":\"ImageObject\",\"inLanguage\":\"fr-FR\",\"@id\":\"https:\\\/\\\/maxillo3lacs.com\\\/#\\\/schema\\\/logo\\\/image\\\/\",\"url\":\"https:\\\/\\\/maxillo3lacs.com\\\/wp-content\\\/uploads\\\/2023\\\/02\\\/cropped-logo.jpg\",\"contentUrl\":\"https:\\\/\\\/maxillo3lacs.com\\\/wp-content\\\/uploads\\\/2023\\\/02\\\/cropped-logo.jpg\",\"width\":512,\"height\":512,\"caption\":\"Maxillo 3 Lacs\"},\"image\":{\"@id\":\"https:\\\/\\\/maxillo3lacs.com\\\/#\\\/schema\\\/logo\\\/image\\\/\"},\"sameAs\":[\"https:\\\/\\\/www.facebook.com\\\/Maxillo3Lacs\",\"https:\\\/\\\/www.instagram.com\\\/Maxillo3lacs\\\/\",\"https:\\\/\\\/www.google.com\\\/maps\\\/place\\\/Maxillo+3+Lacs\\\/@45.4031278,-74.0371785,15z\\\/data=!4m2!3m1!1s0x0:0x789c9946ac5a1ad5?sa=X&ved=2ahUKEwin1eq64ZDsAhWrmOAKHd0dCMIQ_BIwC3oECB4QCA\"]}]}<\/script>\n<!-- \/ Yoast SEO plugin. -->","yoast_head_json":{"title":"Formation continue par Maxillo 3 Lacs | Dr El-Hakim et Dr Makhoul","description":"Maxillo 3 Lacs offre une formation continue aux autres sp\u00e9cialistes dentaires par les docteurs El-Hakim et Makhoul. Contactez-nous d\u00e8s aujourd'hui pour en savoir plus.","robots":{"index":"index","follow":"follow","max-snippet":"max-snippet:-1","max-image-preview":"max-image-preview:large","max-video-preview":"max-video-preview:-1"},"canonical":"https:\/\/maxillo3lacs.com\/fr\/continuing-education\/","og_locale":"fr_FR","og_type":"article","og_title":"Formation continue par Maxillo 3 Lacs | Dr El-Hakim et Dr Makhoul","og_description":"Maxillo 3 Lacs offre une formation continue aux autres sp\u00e9cialistes dentaires par les docteurs El-Hakim et Makhoul. Contactez-nous d\u00e8s aujourd'hui pour en savoir plus.","og_url":"https:\/\/maxillo3lacs.com\/fr\/continuing-education\/","og_site_name":"Maxillo 3 Lacs","article_publisher":"https:\/\/www.facebook.com\/Maxillo3Lacs","article_modified_time":"2024-06-25T20:29:40+00:00","og_image":[{"width":512,"height":512,"url":"https:\/\/maxillo3lacs.com\/wp-content\/uploads\/2023\/02\/cropped-logo.jpg","type":"image\/jpeg"}],"twitter_card":"summary_large_image","twitter_misc":{"Dur\u00e9e de lecture estim\u00e9e":"4 minutes"},"schema":{"@context":"https:\/\/schema.org","@graph":[{"@type":"WebPage","@id":"https:\/\/maxillo3lacs.com\/fr\/continuing-education\/","url":"https:\/\/maxillo3lacs.com\/fr\/continuing-education\/","name":"Formation continue par Maxillo 3 Lacs | Dr El-Hakim et Dr Makhoul","isPartOf":{"@id":"https:\/\/maxillo3lacs.com\/#website"},"datePublished":"2022-07-13T06:52:07+00:00","dateModified":"2024-06-25T20:29:40+00:00","description":"Maxillo 3 Lacs offre une formation continue aux autres sp\u00e9cialistes dentaires par les docteurs El-Hakim et Makhoul. Contactez-nous d\u00e8s aujourd'hui pour en savoir plus.","breadcrumb":{"@id":"https:\/\/maxillo3lacs.com\/fr\/continuing-education\/#breadcrumb"},"inLanguage":"fr-FR","potentialAction":[{"@type":"ReadAction","target":["https:\/\/maxillo3lacs.com\/fr\/continuing-education\/"]}]},{"@type":"BreadcrumbList","@id":"https:\/\/maxillo3lacs.com\/fr\/continuing-education\/#breadcrumb","itemListElement":[{"@type":"ListItem","position":1,"name":"Home","item":"https:\/\/maxillo3lacs.com\/fr\/"},{"@type":"ListItem","position":2,"name":"Continuing Education"}]},{"@type":"WebSite","@id":"https:\/\/maxillo3lacs.com\/#website","url":"https:\/\/maxillo3lacs.com\/","name":"Maxillo 3 Lacs","description":"","publisher":{"@id":"https:\/\/maxillo3lacs.com\/#organization"},"alternateName":"M3L","potentialAction":[{"@type":"SearchAction","target":{"@type":"EntryPoint","urlTemplate":"https:\/\/maxillo3lacs.com\/?s={search_term_string}"},"query-input":{"@type":"PropertyValueSpecification","valueRequired":true,"valueName":"search_term_string"}}],"inLanguage":"fr-FR"},{"@type":"Organization","@id":"https:\/\/maxillo3lacs.com\/#organization","name":"Maxillo 3 Lacs","alternateName":"M3L","url":"https:\/\/maxillo3lacs.com\/","logo":{"@type":"ImageObject","inLanguage":"fr-FR","@id":"https:\/\/maxillo3lacs.com\/#\/schema\/logo\/image\/","url":"https:\/\/maxillo3lacs.com\/wp-content\/uploads\/2023\/02\/cropped-logo.jpg","contentUrl":"https:\/\/maxillo3lacs.com\/wp-content\/uploads\/2023\/02\/cropped-logo.jpg","width":512,"height":512,"caption":"Maxillo 3 Lacs"},"image":{"@id":"https:\/\/maxillo3lacs.com\/#\/schema\/logo\/image\/"},"sameAs":["https:\/\/www.facebook.com\/Maxillo3Lacs","https:\/\/www.instagram.com\/Maxillo3lacs\/","https:\/\/www.google.com\/maps\/place\/Maxillo+3+Lacs\/@45.4031278,-74.0371785,15z\/data=!4m2!3m1!1s0x0:0x789c9946ac5a1ad5?sa=X&ved=2ahUKEwin1eq64ZDsAhWrmOAKHd0dCMIQ_BIwC3oECB4QCA"]}]}},"_links":{"self":[{"href":"https:\/\/maxillo3lacs.com\/fr\/wp-json\/wp\/v2\/pages\/1366","targetHints":{"allow":["GET"]}}],"collection":[{"href":"https:\/\/maxillo3lacs.com\/fr\/wp-json\/wp\/v2\/pages"}],"about":[{"href":"https:\/\/maxillo3lacs.com\/fr\/wp-json\/wp\/v2\/types\/page"}],"author":[{"embeddable":true,"href":"https:\/\/maxillo3lacs.com\/fr\/wp-json\/wp\/v2\/users\/8"}],"replies":[{"embeddable":true,"href":"https:\/\/maxillo3lacs.com\/fr\/wp-json\/wp\/v2\/comments?post=1366"}],"version-history":[{"count":13,"href":"https:\/\/maxillo3lacs.com\/fr\/wp-json\/wp\/v2\/pages\/1366\/revisions"}],"predecessor-version":[{"id":4722,"href":"https:\/\/maxillo3lacs.com\/fr\/wp-json\/wp\/v2\/pages\/1366\/revisions\/4722"}],"wp:attachment":[{"href":"https:\/\/maxillo3lacs.com\/fr\/wp-json\/wp\/v2\/media?parent=1366"}],"curies":[{"name":"wp","href":"https:\/\/api.w.org\/{rel}","templated":true}]}}